{"id":18,"date":"2025-08-29T14:12:10","date_gmt":"2025-08-29T14:12:10","guid":{"rendered":"https:\/\/beige-mole-113203.hostingersite.com\/my-account\/"},"modified":"2025-09-10T15:29:22","modified_gmt":"2025-09-10T15:29:22","slug":"my-account","status":"publish","type":"page","link":"https:\/\/oss-fit.ma\/ar\/my-account\/","title":{"rendered":"Nom Compte"},"content":{"rendered":"<div data-elementor-type=\"wp-page\" data-elementor-id=\"18\" class=\"elementor elementor-18\" data-elementor-post-type=\"page\">\n\t\t\t\t<div class=\"elementor-element elementor-element-3051ba9 e-con-full e-flex e-con e-parent\" data-id=\"3051ba9\" data-element_type=\"container\">\n\t\t\t\t<div class=\"elementor-element elementor-element-0b4cf52 elementor-widget elementor-widget-heading\" data-id=\"0b4cf52\" data-element_type=\"widget\" data-widget_type=\"heading.default\">\n\t\t\t\t\t<h2 class=\"elementor-heading-title elementor-size-default\">\u062d\u0633\u0627\u0628\u064a<\/h2>\t\t\t\t<\/div>\n\t\t\t\t<\/div>\n\t\t<div class=\"elementor-element elementor-element-607932a e-flex e-con-boxed e-con e-parent\" data-id=\"607932a\" data-element_type=\"container\">\n\t\t\t\t\t<div class=\"e-con-inner\">\n\t\t\t\t<div class=\"elementor-element elementor-element-2fe72da e-my-account-tabs-vertical elementor-widget elementor-widget-woocommerce-my-account\" data-id=\"2fe72da\" data-element_type=\"widget\" data-settings=\"{&quot;customize_dashboard_check&quot;:&quot;yes&quot;}\" data-widget_type=\"woocommerce-my-account.default\">\n\t\t\t\t\t<div class=\"e-my-account-tab e-my-account-tab__\">\t\t\t<div class=\"woocommerce\"><\/div>\t\t<\/div>\n\t\t\t\t\t\t<\/div>\n\t\t\t\t\t<\/div>\n\t\t\t\t<\/div>\n\t\t\t\t<\/div>","protected":false},"excerpt":{"rendered":"<p>Mon Compte Tableau de Bord Commandes T\u00e9l\u00e9chargement Addresses Compte D\u00e9connexion Bonjour Yasser Medloumi (vous n\u2019\u00eates pas Yasser Medloumi\u00a0? D\u00e9connexion) \u00c0 partir du tableau de bord de votre compte, vous pouvez visualiser vos commandes r\u00e9centes, g\u00e9rer vos adresses de livraison et de facturation ainsi que changer votre mot de passe et les d\u00e9tails de votre compte.<\/p>","protected":false},"author":1,"featured_media":0,"parent":0,"menu_order":0,"comment_status":"closed","ping_status":"closed","template":"","meta":{"footnotes":""},"class_list":["post-18","page","type-page","status-publish","hentry"],"yoast_head":"<!-- This site is optimized with the Yoast SEO Premium plugin v25.3 (Yoast SEO v25.3) - https:\/\/yoast.com\/wordpress\/plugins\/seo\/ -->\n<title>Nom Compte - oss-fit.ma<\/title>\n<meta name=\"robots\" content=\"index, follow, max-snippet:-1, max-image-preview:large, max-video-preview:-1\" \/>\n<link rel=\"canonical\" href=\"https:\/\/oss-fit.ma\/ar\/my-account\/\" \/>\n<meta property=\"og:locale\" content=\"ar_AR\" \/>\n<meta property=\"og:type\" content=\"article\" \/>\n<meta property=\"og:title\" content=\"Nom Compte\" \/>\n<meta property=\"og:description\" content=\"Mon Compte Tableau de Bord Commandes T\u00e9l\u00e9chargement Addresses Compte D\u00e9connexion Bonjour Yasser Medloumi (vous n\u2019\u00eates pas Yasser Medloumi\u00a0? D\u00e9connexion) \u00c0 partir du tableau de bord de votre compte, vous pouvez visualiser vos commandes r\u00e9centes, g\u00e9rer vos adresses de livraison et de facturation ainsi que changer votre mot de passe et les d\u00e9tails de votre compte.\" \/>\n<meta property=\"og:url\" content=\"https:\/\/oss-fit.ma\/ar\/my-account\/\" \/>\n<meta property=\"og:site_name\" content=\"oss-fit.ma\" \/>\n<meta property=\"article:modified_time\" content=\"2025-09-10T15:29:22+00:00\" \/>\n<meta name=\"twitter:card\" content=\"summary_large_image\" \/>\n<meta name=\"twitter:label1\" content=\"Est. reading time\" \/>\n\t<meta name=\"twitter:data1\" content=\"2 minutes\" \/>\n<script type=\"application\/ld+json\" class=\"yoast-schema-graph\">{\"@context\":\"https:\/\/schema.org\",\"@graph\":[{\"@type\":\"WebPage\",\"@id\":\"https:\/\/oss-fit.ma\/my-account\/\",\"url\":\"https:\/\/oss-fit.ma\/my-account\/\",\"name\":\"Nom Compte - oss-fit.ma\",\"isPartOf\":{\"@id\":\"https:\/\/oss-fit.ma\/#website\"},\"datePublished\":\"2025-08-29T14:12:10+00:00\",\"dateModified\":\"2025-09-10T15:29:22+00:00\",\"breadcrumb\":{\"@id\":\"https:\/\/oss-fit.ma\/my-account\/#breadcrumb\"},\"inLanguage\":\"ary\",\"potentialAction\":[{\"@type\":\"ReadAction\",\"target\":[\"https:\/\/oss-fit.ma\/my-account\/\"]}]},{\"@type\":\"BreadcrumbList\",\"@id\":\"https:\/\/oss-fit.ma\/my-account\/#breadcrumb\",\"itemListElement\":[{\"@type\":\"ListItem\",\"position\":1,\"name\":\"Home\",\"item\":\"https:\/\/oss-fit.ma\/\"},{\"@type\":\"ListItem\",\"position\":2,\"name\":\"Nom Compte\"}]},{\"@type\":\"WebSite\",\"@id\":\"https:\/\/oss-fit.ma\/#website\",\"url\":\"https:\/\/oss-fit.ma\/\",\"name\":\"oss-fit.ma\",\"description\":\"\",\"potentialAction\":[{\"@type\":\"SearchAction\",\"target\":{\"@type\":\"EntryPoint\",\"urlTemplate\":\"https:\/\/oss-fit.ma\/?s={search_term_string}\"},\"query-input\":{\"@type\":\"PropertyValueSpecification\",\"valueRequired\":true,\"valueName\":\"search_term_string\"}}],\"inLanguage\":\"ary\"}]}<\/script>\n<!-- \/ Yoast SEO Premium plugin. -->","yoast_head_json":{"title":"Nom Compte - oss-fit.ma","robots":{"index":"index","follow":"follow","max-snippet":"max-snippet:-1","max-image-preview":"max-image-preview:large","max-video-preview":"max-video-preview:-1"},"canonical":"https:\/\/oss-fit.ma\/ar\/my-account\/","og_locale":"ar_AR","og_type":"article","og_title":"Nom Compte","og_description":"Mon Compte Tableau de Bord Commandes T\u00e9l\u00e9chargement Addresses Compte D\u00e9connexion Bonjour Yasser Medloumi (vous n\u2019\u00eates pas Yasser Medloumi\u00a0? D\u00e9connexion) \u00c0 partir du tableau de bord de votre compte, vous pouvez visualiser vos commandes r\u00e9centes, g\u00e9rer vos adresses de livraison et de facturation ainsi que changer votre mot de passe et les d\u00e9tails de votre compte.","og_url":"https:\/\/oss-fit.ma\/ar\/my-account\/","og_site_name":"oss-fit.ma","article_modified_time":"2025-09-10T15:29:22+00:00","twitter_card":"summary_large_image","twitter_misc":{"Est. reading time":"2 minutes"},"schema":{"@context":"https:\/\/schema.org","@graph":[{"@type":"WebPage","@id":"https:\/\/oss-fit.ma\/my-account\/","url":"https:\/\/oss-fit.ma\/my-account\/","name":"Nom Compte - oss-fit.ma","isPartOf":{"@id":"https:\/\/oss-fit.ma\/#website"},"datePublished":"2025-08-29T14:12:10+00:00","dateModified":"2025-09-10T15:29:22+00:00","breadcrumb":{"@id":"https:\/\/oss-fit.ma\/my-account\/#breadcrumb"},"inLanguage":"ary","potentialAction":[{"@type":"ReadAction","target":["https:\/\/oss-fit.ma\/my-account\/"]}]},{"@type":"BreadcrumbList","@id":"https:\/\/oss-fit.ma\/my-account\/#breadcrumb","itemListElement":[{"@type":"ListItem","position":1,"name":"Home","item":"https:\/\/oss-fit.ma\/"},{"@type":"ListItem","position":2,"name":"Nom Compte"}]},{"@type":"WebSite","@id":"https:\/\/oss-fit.ma\/#website","url":"https:\/\/oss-fit.ma\/","name":"oss-fit.ma","description":"","potentialAction":[{"@type":"SearchAction","target":{"@type":"EntryPoint","urlTemplate":"https:\/\/oss-fit.ma\/?s={search_term_string}"},"query-input":{"@type":"PropertyValueSpecification","valueRequired":true,"valueName":"search_term_string"}}],"inLanguage":"ary"}]}},"_links":{"self":[{"href":"https:\/\/oss-fit.ma\/ar\/wp-json\/wp\/v2\/pages\/18","targetHints":{"allow":["GET"]}}],"collection":[{"href":"https:\/\/oss-fit.ma\/ar\/wp-json\/wp\/v2\/pages"}],"about":[{"href":"https:\/\/oss-fit.ma\/ar\/wp-json\/wp\/v2\/types\/page"}],"author":[{"embeddable":true,"href":"https:\/\/oss-fit.ma\/ar\/wp-json\/wp\/v2\/users\/1"}],"replies":[{"embeddable":true,"href":"https:\/\/oss-fit.ma\/ar\/wp-json\/wp\/v2\/comments?post=18"}],"version-history":[{"count":20,"href":"https:\/\/oss-fit.ma\/ar\/wp-json\/wp\/v2\/pages\/18\/revisions"}],"predecessor-version":[{"id":392,"href":"https:\/\/oss-fit.ma\/ar\/wp-json\/wp\/v2\/pages\/18\/revisions\/392"}],"wp:attachment":[{"href":"https:\/\/oss-fit.ma\/ar\/wp-json\/wp\/v2\/media?parent=18"}],"curies":[{"name":"wp","href":"https:\/\/api.w.org\/{rel}","templated":true}]}}