{"id":493,"date":"2025-10-03T15:31:58","date_gmt":"2025-10-03T15:31:58","guid":{"rendered":"https:\/\/oss-fit.ma\/?post_type=product&#038;p=493"},"modified":"2025-10-14T15:59:56","modified_gmt":"2025-10-14T15:59:56","slug":"ensemble-de-sport-bicolore","status":"publish","type":"product","link":"https:\/\/oss-fit.ma\/ar\/product\/ensemble-de-sport-bicolore\/","title":{"rendered":"\u0637\u0642\u0645 \u0631\u064a\u0627\u0636\u064a \u062b\u0646\u0627\u0626\u064a \u0627\u0644\u0644\u0648\u0646"},"content":{"rendered":"<div class=\"ai-optimize-introduction\">\u0627\u062c\u0645\u0639\u064a \u0628\u064a\u0646 \u0627\u0644\u0623\u0646\u0627\u0642\u0629\u060c \u0627\u0644\u0631\u0627\u062d\u0629 \u0648\u0627\u0644\u0623\u062f\u0627\u0621 \u0645\u0639 \u0647\u0630\u0627 \u0627\u0644\u0637\u0642\u0645 \u0627\u0644\u0631\u064a\u0627\u0636\u064a \u0627\u0644\u0645\u0643\u0648\u0646 \u0645\u0646 \u0642\u0637\u0639\u062a\u064a\u0646 \u0644\u0644\u0646\u0633\u0627\u0621. \u0645\u0635\u0645\u0645 \u0644\u062a\u0648\u0641\u064a\u0631 \u062f\u0639\u0645 \u0645\u062b\u0627\u0644\u064a \u0648\u062d\u0631\u064a\u0629 \u0642\u0635\u0648\u0649 \u0641\u064a \u0627\u0644\u062d\u0631\u0643\u0629\u060c \u064a\u062a\u0636\u0645\u0646 \u0647\u0630\u0627 \u0627\u0644\u0637\u0642\u0645:<\/div>\n<div>\u2728 \u062a\u0648\u0628 \u0628\u0623\u0643\u0645\u0627\u0645 \u0637\u0648\u062d\u0629 \u0645\u0639 \u0641\u062a\u062d\u0627\u062a \u0644\u0644\u0625\u0628\u0647\u0627\u0645\u060c \u0648\u0633\u0627\u062f\u0627\u062a \u0645\u062f\u0645\u062c\u0629 \u0648\u0642\u0635\u0629 \u0636\u064a\u0642\u0629 \u062a\u0634\u0643\u0644 \u0627\u0644\u0642\u0648\u0627\u0645.<\/div>\n<div>\ud83d\udcaa \u0644\u064a\u06ad\u064a\u0646\u06ad\u0633 \u0639\u0627\u0644\u064a \u0627\u0644\u062e\u0635\u0631 \u0645\u0634\u062f\u0648\u062f \u0645\u0639 \u062d\u0632\u0627\u0645 \u0645\u062a\u0642\u0627\u0637\u0639 \u0644\u062a\u0623\u062b\u064a\u0631 \u0628\u0637\u0646 \u0645\u0633\u0637\u062d \u0648\u062f\u0639\u0645 \u0645\u062b\u0627\u0644\u064a \u0623\u062b\u0646\u0627\u0621 \u0627\u0644\u062a\u0645\u0631\u064a\u0646.<\/div>\n<div><\/div>\n<div>\u0645\u0635\u0646\u0648\u0639 \u0645\u0646 \u0642\u0645\u0627\u0634 \u0645\u0631\u0646 \u0648\u0645\u062a\u064a\u0646\u060c \u064a\u0642\u062f\u0645 \u0647\u0630\u0627 \u0627\u0644\u0637\u0642\u0645 \u062a\u0623\u062b\u064a\u0631 \u0627\u0644\u062c\u0644\u062f \u0627\u0644\u062b\u0627\u0646\u064a \u0645\u0639 \u062a\u0635\u0631\u064a\u0641 \u0627\u0644\u0631\u0637\u0648\u0628\u0629 \u0644\u064a\u0628\u0642\u064a\u0643 \u062c\u0627\u0641\u0629. \u062a\u0635\u0645\u064a\u0645\u0647 \u0627\u0644\u062d\u062f\u064a\u062b \u0648\u0627\u0644\u0623\u0646\u064a\u0642 \u0628\u0627\u0644\u0623\u0644\u0648\u0627\u0646 \u0627\u0644\u0645\u0642\u0637\u0639\u064a\u0629 \u064a\u062c\u0639\u0644\u0647 \u0645\u062b\u0627\u0644\u064a\u064b\u0627 \u0644\u0635\u0627\u0644\u0629 \u0627\u0644\u0631\u064a\u0627\u0636\u0629 \u0648\u0644\u0644\u0645\u0644\u0627\u0628\u0633 \u0627\u0644\u064a\u0648\u0645\u064a\u0629 \u0627\u0644\u0639\u0627\u062f\u064a\u0629.<\/div>\n<div><\/div>\n<div>\n<h2 id=\"tw-target-text\" class=\"tw-data-text tw-text-large tw-ta ai-optimize-6\" tabindex=\"-1\" role=\"text\" data-placeholder=\"Translation\" aria-label=\"Translated text: sp\u00e9cification\" data-ved=\"2ahUKEwj_rZf92IiQAxUvUaQEHUfcC3YQ3ewLegQICxAV\"><span class=\"Y2IQFc\" lang=\"fr\">\u0627\u0644\u0645\u0648\u0627\u0635\u0641\u0627\u062a<\/span><\/h2>\n<\/div>\n<div>\n<table border=\"0\" cellspacing=\"0\">\n<colgroup width=\"121\"><\/colgroup>\n<colgroup width=\"907\"><\/colgroup>\n<tbody>\n<tr>\n<td align=\"left\" height=\"17\" data-sheets-value=\"{ &quot;1&quot;: 2, &quot;2&quot;: &quot;Caract\u00e9ristique&quot;}\">\n<h5 class=\"ai-optimize-6\">\u0627\u0644\u0648\u0635\u0641<\/h5>\n<\/td>\n<td align=\"left\" data-sheets-value=\"{ &quot;1&quot;: 2, &quot;2&quot;: &quot;D\u00e9tail&quot;}\">\n<h5 class=\"ai-optimize-7\">\u0627\u0644\u062a\u0641\u0627\u0635\u064a\u0644<\/h5>\n<\/td>\n<\/tr>\n<tr>\n<td align=\"left\" height=\"17\" data-sheets-value=\"{ &quot;1&quot;: 2, &quot;2&quot;: &quot;Composition&quot;}\">\u0627\u0644\u062a\u0631\u0643\u064a\u0628\u0629<\/td>\n<td align=\"left\" data-sheets-value=\"{ &quot;1&quot;: 2, &quot;2&quot;: &quot;82.5 % Polyester, 17.5 % \u00c9lasthanne&quot;}\">\u0628\u0648\u0644\u064a\u0633\u062a\u0631 82.5\u066a\u060c \u0625\u064a\u0644\u0627\u0633\u062a\u064a\u0646 17.5\u066a<\/td>\n<\/tr>\n<tr>\n<td align=\"left\" height=\"17\" data-sheets-value=\"{ &quot;1&quot;: 2, &quot;2&quot;: &quot;Caract\u00e9ristiques&quot;}\">\u0627\u0644\u062e\u0635\u0627\u0626\u0635<\/td>\n<td align=\"left\" data-sheets-value=\"{ &quot;1&quot;: 2, &quot;2&quot;: &quot;Respirant, extensible, s\u00e9chage rapide, effet seconde peau&quot;}\">\u0645\u0646\u0641\u0630 \u0644\u0644\u0647\u0648\u0627\u0621\u060c \u0645\u0631\u0646\u060c \u0633\u0631\u064a\u0639 \u0627\u0644\u062c\u0641\u0627\u0641\u060c \u062a\u0623\u062b\u064a\u0631 \u0627\u0644\u062c\u0644\u062f \u0627\u0644\u062b\u0627\u0646\u064a<\/td>\n<\/tr>\n<tr>\n<td align=\"left\" height=\"17\" data-sheets-value=\"{ &quot;1&quot;: 2, &quot;2&quot;: &quot;Entretien&quot;}\">\u0627\u0644\u0639\u0646\u0627\u064a\u0629<\/td>\n<td align=\"left\" data-sheets-value=\"{ &quot;1&quot;: 2, &quot;2&quot;: &quot;Lavage en machine \u00e0 30 \u00b0C \u2013 Ne pas repasser \u2013 S\u00e9chage \u00e0 l\u2019air libre&quot;}\">\u0627\u0644\u063a\u0633\u064a\u0644 \u0641\u064a \u0627\u0644\u063a\u0633\u0627\u0644\u0629 \u0639\u0644\u0649 \u062f\u0631\u062c\u0629 30\u00b0\u0645 \u2013 \u0639\u062f\u0645 \u0627\u0644\u0643\u064a \u2013 \u0627\u0644\u062a\u062c\u0641\u064a\u0641 \u0641\u064a \u0627\u0644\u0647\u0648\u0627\u0621 \u0627\u0644\u0637\u0644\u0642<\/td>\n<\/tr>\n<tr>\n<td align=\"left\" height=\"17\" data-sheets-value=\"{ &quot;1&quot;: 2, &quot;2&quot;: &quot;Usage&quot;}\">\u0627\u0644\u0627\u0633\u062a\u062e\u062f\u0627\u0645<\/td>\n<td align=\"left\" data-sheets-value=\"{ &quot;1&quot;: 2, &quot;2&quot;: &quot;Yoga, pilates, fitness, running, athleisure&quot;}\">\u064a\u0648\u063a\u0627\u060c \u0628\u064a\u0644\u0627\u062a\u0633\u060c \u0644\u064a\u0627\u0642\u0629 \u0628\u062f\u0646\u064a\u0629\u060c \u062c\u0631\u064a\u060c \u0623\u0632\u064a\u0627\u0621 \u0631\u064a\u0627\u0636\u064a\u0629<\/td>\n<\/tr>\n<tr>\n<td align=\"left\" height=\"17\" data-sheets-value=\"{ &quot;1&quot;: 2, &quot;2&quot;: &quot;D\u00e9tails&quot;}\">\u0627\u0644\u0639\u0646\u0627\u064a\u0629<\/td>\n<td align=\"left\" data-sheets-value=\"{ &quot;1&quot;: 2, &quot;2&quot;: &quot;Top manches longues avec ouvertures pour les pouces, ceinture crois\u00e9e taille haute, couture plate anti-irritations, coupe ajust\u00e9e pour maintien optimal&quot;}\">\u062a\u0648\u0628 \u0628\u0623\u0643\u0645\u0627\u0645 \u0637\u0648\u064a\u0644\u0629 \u0645\u0639 \u0641\u062a\u062d\u0627\u062a \u0644\u0644\u0625\u0628\u0647\u0627\u0645\u060c \u062d\u0632\u0627\u0645 \u0645\u062a\u0642\u0627\u0637\u0639 \u0639\u0644\u0649 \u0627\u0644\u062e\u0635\u0631\u060c \u062e\u064a\u0627\u0637\u0629 \u0645\u0633\u0637\u062d\u0629 \u0645\u0636\u0627\u062f\u0629 \u0644\u0644\u0627\u062d\u062a\u0643\u0627\u0643\u060c \u0642\u0635\u0629 \u0636\u064a\u0642\u0629 \u0644\u062f\u0639\u0645 \u0645\u062b\u0627\u0644\u064a<\/td>\n<\/tr>\n<tr>\n<td align=\"left\" height=\"17\" data-sheets-value=\"{ &quot;1&quot;: 2, &quot;2&quot;: &quot;Motif&quot;}\">\u0627\u0644\u0646\u0645\u0637<\/td>\n<td align=\"left\" data-sheets-value=\"{ &quot;1&quot;: 2, &quot;2&quot;: &quot;Bloc de couleur (colorblock)&quot;}\">\u0643\u062a\u0644\u0629 \u0644\u0648\u0646 (colorblock)<\/td>\n<\/tr>\n<tr>\n<td align=\"left\" height=\"17\" data-sheets-value=\"{ &quot;1&quot;: 2, &quot;2&quot;: &quot;Silhouette&quot;}\">\u0627\u0644\u0642\u0627\u0644\u0628<\/td>\n<td align=\"left\" data-sheets-value=\"{ &quot;1&quot;: 2, &quot;2&quot;: &quot;Skinny&quot;}\">\u0633\u0643\u064a\u0646\u064a<\/td>\n<\/tr>\n<tr>\n<td align=\"left\" height=\"17\" data-sheets-value=\"{ &quot;1&quot;: 2, &quot;2&quot;: &quot;Tissu&quot;}\">\u0627\u0644\u0646\u0633\u064a\u062c<\/td>\n<td align=\"left\" data-sheets-value=\"{ &quot;1&quot;: 2, &quot;2&quot;: &quot;Maille extensible, \u00e9tirement moyen&quot;}\">\u0642\u0645\u0627\u0634 \u0645\u0631\u0646\u060c \u062f\u0631\u062c\u0629 \u0645\u0637\u0627\u0637\u064a\u0629 \u0645\u062a\u0648\u0633\u0637\u0629<\/td>\n<\/tr>\n<tr>\n<td align=\"left\" height=\"17\" data-sheets-value=\"{ &quot;1&quot;: 2, &quot;2&quot;: &quot;Type de fermeture&quot;}\">\u0646\u0648\u0639 \u0627\u0644\u0625\u063a\u0644\u0627\u0642<\/td>\n<td align=\"left\" data-sheets-value=\"{ &quot;1&quot;: 2, &quot;2&quot;: &quot;Taille \u00e9lastique&quot;}\">\u062e\u0635\u0631 \u0645\u0637\u0627\u0637\u064a<\/td>\n<\/tr>\n<tr>\n<td align=\"left\" height=\"17\" data-sheets-value=\"{ &quot;1&quot;: 2, &quot;2&quot;: &quot;Longueur&quot;}\">\u0627\u0644\u0637\u0648\u0644<\/td>\n<td align=\"left\" data-sheets-value=\"{ &quot;1&quot;: 2, &quot;2&quot;: &quot;Long (top &amp; legging)&quot;}\">\u0637\u0648\u064a\u0644 (\u062a\u0648\u0628 \u0648\u0644\u064a\u06ad\u064a\u0646\u06ad\u0633)<\/td>\n<\/tr>\n<tr>\n<td align=\"left\" height=\"17\" data-sheets-value=\"{ &quot;1&quot;: 2, &quot;2&quot;: &quot;Saison&quot;}\">\u0627\u0644\u0645\u0648\u0633\u0645<\/td>\n<td align=\"left\" data-sheets-value=\"{ &quot;1&quot;: 2, &quot;2&quot;: &quot;Toutes saisons&quot;}\">\u062c\u0645\u064a\u0639 \u0627\u0644\u0641\u0635\u0648\u0644<\/td>\n<\/tr>\n<\/tbody>\n<\/table>\n<\/div>","protected":false},"excerpt":{"rendered":"<p class=\"ai-optimize-6\">\u0637\u0642\u0645 \u0631\u064a\u0627\u0636\u064a \u0644\u0644\u0646\u0633\u0627\u0621 \u064a\u062a\u0636\u0645\u0646 \u0643\u0631\u0648\u0628 \u0637\u0648\u0628 \u0628\u0623\u0643\u0645\u0627\u0645 \u0637\u0648\u064a\u0644\u0629 \u0648\u0644\u064a\u06ad\u064a\u0646\u06ad\u0633 \u0639\u0627\u0644\u064a \u0627\u0644\u062e\u0635\u0631. \u0645\u0631\u064a\u062d\u060c \u0645\u0631\u0646 \u0648\u064a\u0645\u0646\u062d \u0627\u0644\u0634\u0639\u0648\u0631 \u0628\u0627\u0644\u0627\u0646\u062a\u0639\u0627\u0634\u060c \u0645\u0645\u0627 \u064a\u062c\u0639\u0644\u0647 \u0645\u062b\u0627\u0644\u064a\u064b\u0627 \u0644\u0644\u064a\u0648\u062c\u0627\u060c \u0627\u0644\u0644\u064a\u0627\u0642\u0629 \u0627\u0644\u0628\u062f\u0646\u064a\u0629\u060c \u0627\u0644\u062c\u0631\u064a\u060c \u0623\u0648 \u062c\u0644\u0633\u0627\u062a \u0627\u0644\u062a\u0645\u0631\u064a\u0646 \u0627\u0644\u0645\u0643\u062b\u0641\u0629.<\/p>","protected":false},"featured_media":511,"comment_status":"open","ping_status":"closed","template":"","meta":[],"product_brand":[],"product_cat":[35],"product_tag":[],"class_list":{"0":"post-493","1":"product","2":"type-product","3":"status-publish","4":"has-post-thumbnail","6":"product_cat-leggings","8":"first","9":"instock","10":"taxable","11":"shipping-taxable","12":"purchasable","13":"product-type-variable","14":"rtwpvg-product"},"yoast_head":"<!-- This site is optimized with the Yoast SEO Premium plugin v25.3 (Yoast SEO v25.3) - https:\/\/yoast.com\/wordpress\/plugins\/seo\/ -->\n<title>Ensemble de sport bicolore - oss-fit.ma<\/title>\n<meta name=\"robots\" content=\"index, follow, max-snippet:-1, max-image-preview:large, max-video-preview:-1\" \/>\n<link rel=\"canonical\" href=\"https:\/\/oss-fit.ma\/ar\/product\/ensemble-de-sport-bicolore\/\" \/>\n<meta property=\"og:locale\" content=\"ar_AR\" \/>\n<meta property=\"og:type\" content=\"article\" \/>\n<meta property=\"og:title\" content=\"Ensemble de sport bicolore\" \/>\n<meta property=\"og:description\" content=\"Ensemble de sport pour femmes comprenant un crop top \u00e0 manches longues et un legging taille haute assorti. Confortable, extensible et respirant, il est id\u00e9al pour le yoga, le fitness, la course ou les s\u00e9ances d\u2019entra\u00eenement intensives.\" \/>\n<meta property=\"og:url\" content=\"https:\/\/oss-fit.ma\/ar\/product\/ensemble-de-sport-bicolore\/\" \/>\n<meta property=\"og:site_name\" content=\"oss-fit.ma\" \/>\n<meta property=\"article:modified_time\" content=\"2025-10-14T15:59:56+00:00\" \/>\n<meta property=\"og:image\" content=\"https:\/\/oss-fit.ma\/wp-content\/uploads\/2025\/10\/WhatsApp-Image-2025-09-27-at-4.12.45-PM-2.jpeg\" \/>\n\t<meta property=\"og:image:width\" content=\"1152\" \/>\n\t<meta property=\"og:image:height\" content=\"1152\" \/>\n\t<meta property=\"og:image:type\" content=\"image\/jpeg\" \/>\n<meta name=\"twitter:card\" content=\"summary_large_image\" \/>\n<meta name=\"twitter:label1\" content=\"Est. reading time\" \/>\n\t<meta name=\"twitter:data1\" content=\"2 minutes\" \/>\n<script type=\"application\/ld+json\" class=\"yoast-schema-graph\">{\"@context\":\"https:\/\/schema.org\",\"@graph\":[{\"@type\":\"WebPage\",\"@id\":\"https:\/\/oss-fit.ma\/product\/ensemble-de-sport-bicolore\/\",\"url\":\"https:\/\/oss-fit.ma\/product\/ensemble-de-sport-bicolore\/\",\"name\":\"Ensemble de sport bicolore - oss-fit.ma\",\"isPartOf\":{\"@id\":\"https:\/\/oss-fit.ma\/#website\"},\"primaryImageOfPage\":{\"@id\":\"https:\/\/oss-fit.ma\/product\/ensemble-de-sport-bicolore\/#primaryimage\"},\"image\":{\"@id\":\"https:\/\/oss-fit.ma\/product\/ensemble-de-sport-bicolore\/#primaryimage\"},\"thumbnailUrl\":\"https:\/\/oss-fit.ma\/wp-content\/uploads\/2025\/10\/WhatsApp-Image-2025-09-27-at-4.12.45-PM-2.jpeg\",\"datePublished\":\"2025-10-03T15:31:58+00:00\",\"dateModified\":\"2025-10-14T15:59:56+00:00\",\"breadcrumb\":{\"@id\":\"https:\/\/oss-fit.ma\/product\/ensemble-de-sport-bicolore\/#breadcrumb\"},\"inLanguage\":\"ary\",\"potentialAction\":[{\"@type\":\"ReadAction\",\"target\":[\"https:\/\/oss-fit.ma\/product\/ensemble-de-sport-bicolore\/\"]}]},{\"@type\":\"ImageObject\",\"inLanguage\":\"ary\",\"@id\":\"https:\/\/oss-fit.ma\/product\/ensemble-de-sport-bicolore\/#primaryimage\",\"url\":\"https:\/\/oss-fit.ma\/wp-content\/uploads\/2025\/10\/WhatsApp-Image-2025-09-27-at-4.12.45-PM-2.jpeg\",\"contentUrl\":\"https:\/\/oss-fit.ma\/wp-content\/uploads\/2025\/10\/WhatsApp-Image-2025-09-27-at-4.12.45-PM-2.jpeg\",\"width\":1152,\"height\":1152},{\"@type\":\"BreadcrumbList\",\"@id\":\"https:\/\/oss-fit.ma\/product\/ensemble-de-sport-bicolore\/#breadcrumb\",\"itemListElement\":[{\"@type\":\"ListItem\",\"position\":1,\"name\":\"Home\",\"item\":\"https:\/\/oss-fit.ma\/\"},{\"@type\":\"ListItem\",\"position\":2,\"name\":\"Produits\",\"item\":\"https:\/\/oss-fit.ma\/shop\/\"},{\"@type\":\"ListItem\",\"position\":3,\"name\":\"Ensemble de sport bicolore\"}]},{\"@type\":\"WebSite\",\"@id\":\"https:\/\/oss-fit.ma\/#website\",\"url\":\"https:\/\/oss-fit.ma\/\",\"name\":\"oss-fit.ma\",\"description\":\"\",\"potentialAction\":[{\"@type\":\"SearchAction\",\"target\":{\"@type\":\"EntryPoint\",\"urlTemplate\":\"https:\/\/oss-fit.ma\/?s={search_term_string}\"},\"query-input\":{\"@type\":\"PropertyValueSpecification\",\"valueRequired\":true,\"valueName\":\"search_term_string\"}}],\"inLanguage\":\"ary\"}]}<\/script>\n<!-- \/ Yoast SEO Premium plugin. -->","yoast_head_json":{"title":"Ensemble de sport bicolore - oss-fit.ma","robots":{"index":"index","follow":"follow","max-snippet":"max-snippet:-1","max-image-preview":"max-image-preview:large","max-video-preview":"max-video-preview:-1"},"canonical":"https:\/\/oss-fit.ma\/ar\/product\/ensemble-de-sport-bicolore\/","og_locale":"ar_AR","og_type":"article","og_title":"Ensemble de sport bicolore","og_description":"Ensemble de sport pour femmes comprenant un crop top \u00e0 manches longues et un legging taille haute assorti. Confortable, extensible et respirant, il est id\u00e9al pour le yoga, le fitness, la course ou les s\u00e9ances d\u2019entra\u00eenement intensives.","og_url":"https:\/\/oss-fit.ma\/ar\/product\/ensemble-de-sport-bicolore\/","og_site_name":"oss-fit.ma","article_modified_time":"2025-10-14T15:59:56+00:00","og_image":[{"width":1152,"height":1152,"url":"https:\/\/oss-fit.ma\/wp-content\/uploads\/2025\/10\/WhatsApp-Image-2025-09-27-at-4.12.45-PM-2.jpeg","type":"image\/jpeg"}],"twitter_card":"summary_large_image","twitter_misc":{"Est. reading time":"2 minutes"},"schema":{"@context":"https:\/\/schema.org","@graph":[{"@type":"WebPage","@id":"https:\/\/oss-fit.ma\/product\/ensemble-de-sport-bicolore\/","url":"https:\/\/oss-fit.ma\/product\/ensemble-de-sport-bicolore\/","name":"Ensemble de sport bicolore - oss-fit.ma","isPartOf":{"@id":"https:\/\/oss-fit.ma\/#website"},"primaryImageOfPage":{"@id":"https:\/\/oss-fit.ma\/product\/ensemble-de-sport-bicolore\/#primaryimage"},"image":{"@id":"https:\/\/oss-fit.ma\/product\/ensemble-de-sport-bicolore\/#primaryimage"},"thumbnailUrl":"https:\/\/oss-fit.ma\/wp-content\/uploads\/2025\/10\/WhatsApp-Image-2025-09-27-at-4.12.45-PM-2.jpeg","datePublished":"2025-10-03T15:31:58+00:00","dateModified":"2025-10-14T15:59:56+00:00","breadcrumb":{"@id":"https:\/\/oss-fit.ma\/product\/ensemble-de-sport-bicolore\/#breadcrumb"},"inLanguage":"ary","potentialAction":[{"@type":"ReadAction","target":["https:\/\/oss-fit.ma\/product\/ensemble-de-sport-bicolore\/"]}]},{"@type":"ImageObject","inLanguage":"ary","@id":"https:\/\/oss-fit.ma\/product\/ensemble-de-sport-bicolore\/#primaryimage","url":"https:\/\/oss-fit.ma\/wp-content\/uploads\/2025\/10\/WhatsApp-Image-2025-09-27-at-4.12.45-PM-2.jpeg","contentUrl":"https:\/\/oss-fit.ma\/wp-content\/uploads\/2025\/10\/WhatsApp-Image-2025-09-27-at-4.12.45-PM-2.jpeg","width":1152,"height":1152},{"@type":"BreadcrumbList","@id":"https:\/\/oss-fit.ma\/product\/ensemble-de-sport-bicolore\/#breadcrumb","itemListElement":[{"@type":"ListItem","position":1,"name":"Home","item":"https:\/\/oss-fit.ma\/"},{"@type":"ListItem","position":2,"name":"Produits","item":"https:\/\/oss-fit.ma\/shop\/"},{"@type":"ListItem","position":3,"name":"Ensemble de sport bicolore"}]},{"@type":"WebSite","@id":"https:\/\/oss-fit.ma\/#website","url":"https:\/\/oss-fit.ma\/","name":"oss-fit.ma","description":"","potentialAction":[{"@type":"SearchAction","target":{"@type":"EntryPoint","urlTemplate":"https:\/\/oss-fit.ma\/?s={search_term_string}"},"query-input":{"@type":"PropertyValueSpecification","valueRequired":true,"valueName":"search_term_string"}}],"inLanguage":"ary"}]}},"_links":{"self":[{"href":"https:\/\/oss-fit.ma\/ar\/wp-json\/wp\/v2\/product\/493","targetHints":{"allow":["GET"]}}],"collection":[{"href":"https:\/\/oss-fit.ma\/ar\/wp-json\/wp\/v2\/product"}],"about":[{"href":"https:\/\/oss-fit.ma\/ar\/wp-json\/wp\/v2\/types\/product"}],"replies":[{"embeddable":true,"href":"https:\/\/oss-fit.ma\/ar\/wp-json\/wp\/v2\/comments?post=493"}],"wp:featuredmedia":[{"embeddable":true,"href":"https:\/\/oss-fit.ma\/ar\/wp-json\/wp\/v2\/media\/511"}],"wp:attachment":[{"href":"https:\/\/oss-fit.ma\/ar\/wp-json\/wp\/v2\/media?parent=493"}],"wp:term":[{"taxonomy":"product_brand","embeddable":true,"href":"https:\/\/oss-fit.ma\/ar\/wp-json\/wp\/v2\/product_brand?post=493"},{"taxonomy":"product_cat","embeddable":true,"href":"https:\/\/oss-fit.ma\/ar\/wp-json\/wp\/v2\/product_cat?post=493"},{"taxonomy":"product_tag","embeddable":true,"href":"https:\/\/oss-fit.ma\/ar\/wp-json\/wp\/v2\/product_tag?post=493"}],"curies":[{"name":"wp","href":"https:\/\/api.w.org\/{rel}","templated":true}]}}